{"id":1944,"date":"2017-06-06T02:08:12","date_gmt":"2017-06-05T23:08:12","guid":{"rendered":"https:\/\/dnzyapi.com.tr\/anasayfa\/"},"modified":"2025-05-05T15:20:00","modified_gmt":"2025-05-05T12:20:00","slug":"anasayfa","status":"publish","type":"page","link":"https:\/\/dnzyapi.com.tr\/en\/","title":{"rendered":"ANASAYFA"},"content":{"rendered":"<div class=\"wpb-content-wrapper\"><p>[vc_row full_width=&#8221;stretch_row&#8221; row_bg_bottom=&#8221;row_bg_bottom&#8221;][vc_column offset=&#8221;vc_hidden-xs&#8221;][rev_slider_vc alias=&#8221;dnz-slide-ingilizce&#8221;][\/vc_column][vc_column offset=&#8221;vc_hidden-lg vc_hidden-md vc_hidden-sm&#8221;][rev_slider_vc alias=&#8221;dnz-slide-ingilizce-mobil&#8221;][\/vc_column][\/vc_row][vc_row full_width=&#8221;stretch_row&#8221; row_bg_bottom=&#8221;row_bg_bottom&#8221; css=&#8221;.vc_custom_1496896497880{border-bottom-width: 1px !important;border-bottom-color: #eeeeee !important;border-bottom-style: solid !important;}&#8221;][vc_column css=&#8221;.vc_custom_1496905094681{margin-top: 25px !important;margin-bottom: 20px !important;}&#8221;][vc_row_inner][vc_column_inner width=&#8221;1\/3&#8243;][vc_column_text css=&#8221;&#8221;]<\/p>\n<h4 style=\"font-size: 15px; font-weight: 600; letter-spacing: 1px;\"><img loading=\"lazy\" decoding=\"async\" class=\"size-full wp-image-1521 alignleft\" src=\"https:\/\/dnzyapi.com.tr\/wp-content\/uploads\/2025\/03\/dnz-ikon-1.png\" alt=\"\" width=\"40\" height=\"40\" \/>CONTRACTING<\/h4>\n<p style=\"padding-left: 70px;\">We build your projects on solid foundations with a reliable and timely delivery approach.<\/p>\n<p>[\/vc_column_text][\/vc_column_inner][vc_column_inner width=&#8221;1\/3&#8243;][vc_column_text css=&#8221;&#8221;]<\/p>\n<h4 style=\"font-size: 15px; font-weight: 600; letter-spacing: 1px;\"><img loading=\"lazy\" decoding=\"async\" class=\"alignleft wp-image-1522 size-full\" src=\"https:\/\/dnzyapi.com.tr\/wp-content\/uploads\/2025\/03\/dnz-ikon-2.png\" alt=\"\" width=\"40\" height=\"40\" \/>REAL ESTATE DEVELOPMENT<\/h4>\n<p style=\"padding-left: 70px;\">We develop sustainable and innovative real estate projects with high investment value.<\/p>\n<p>[\/vc_column_text][\/vc_column_inner][vc_column_inner width=&#8221;1\/3&#8243;][vc_column_text css=&#8221;&#8221;]<\/p>\n<h4 style=\"font-size: 15px; font-weight: 600; letter-spacing: 1px;\"><img loading=\"lazy\" decoding=\"async\" class=\"alignleft wp-image-1523 size-full\" src=\"https:\/\/dnzyapi.com.tr\/wp-content\/uploads\/2025\/03\/dnz-ikon-3.png\" alt=\"\" width=\"40\" height=\"40\" \/>DESIGN AND ENGINEERING<\/h4>\n<p style=\"padding-left: 70px;\">We design functional and sustainable buildings by combining aesthetics and technical excellence.<\/p>\n<p>[\/vc_column_text][\/vc_column_inner][\/vc_row_inner][vc_row_inner][vc_column_inner width=&#8221;1\/3&#8243;][vc_column_text css=&#8221;&#8221;]<\/p>\n<h4 style=\"font-size: 15px; font-weight: 600; letter-spacing: 1px;\"><img loading=\"lazy\" decoding=\"async\" class=\"alignleft wp-image-1524 size-full\" src=\"https:\/\/dnzyapi.com.tr\/wp-content\/uploads\/2025\/03\/dnz-ikon-4.png\" alt=\"\" width=\"40\" height=\"40\" \/>PROJECT MANAGEMENT<\/h4>\n<p style=\"padding-left: 70px;\">We manage your projects effectively with budget, time and quality control.<\/p>\n<p>[\/vc_column_text][\/vc_column_inner][vc_column_inner width=&#8221;1\/3&#8243;][vc_column_text css=&#8221;&#8221;]<\/p>\n<h4 style=\"font-size: 15px; font-weight: 600; letter-spacing: 1px;\"><img loading=\"lazy\" decoding=\"async\" class=\"alignleft wp-image-1525 size-full\" src=\"https:\/\/dnzyapi.com.tr\/wp-content\/uploads\/2025\/03\/dnz-ikon-5.png\" alt=\"\" width=\"40\" height=\"40\" \/>RENOVATION<\/h4>\n<p style=\"padding-left: 70px;\">We provide innovative transformations by offering modern and functional solutions to your existing buildings.<\/p>\n<p>[\/vc_column_text][\/vc_column_inner][vc_column_inner width=&#8221;1\/3&#8243;][vc_column_text css=&#8221;&#8221;]<\/p>\n<h4 style=\"font-size: 15px; font-weight: 600; letter-spacing: 1px;\"><img loading=\"lazy\" decoding=\"async\" class=\"alignleft wp-image-1526 size-full\" src=\"https:\/\/dnzyapi.com.tr\/wp-content\/uploads\/2025\/03\/dnz-ikon-6.png\" alt=\"\" width=\"40\" height=\"40\" \/>INTERNATIONAL TRADE<\/h4>\n<p style=\"padding-left: 70px;\">We offer international material supply and trade services for the construction and building industry.<\/p>\n<p>[\/vc_column_text][\/vc_column_inner][\/vc_row_inner][\/vc_column][\/vc_row][vc_row row_bg_bottom=&#8221;row_bg_bottom&#8221; css=&#8221;.vc_custom_1743198209940{border-bottom-width: 1px !important;border-bottom-style: solid !important;}&#8221;][vc_column css=&#8221;.vc_custom_1496896210761{padding-top: 20px !important;padding-bottom: 50px !important;}&#8221;][vc_row_inner][vc_column_inner offset=&#8221;vc_col-lg-offset-2 vc_col-lg-8 vc_col-md-offset-2 vc_col-md-8&#8243; css=&#8221;.vc_custom_1496896205929{margin-bottom: 20px !important;}&#8221;][vc_custom_heading text=&#8221;YOUR END-TO-END SOLUTION PARTNER FOR A SUSTAINABLE AND INNOVATIVE ENVIRONMENT&#8221; font_container=&#8221;tag:h4|text_align:center&#8221; use_theme_fonts=&#8221;yes&#8221; css=&#8221;&#8221; cms_ch_type=&#8221;heading2&#8243; cms_custom_headding_type=&#8221;text-center&#8221; cms_custom_sub_headding2=&#8221;With over 20 years of experience, Deniz Yap\u0131 has successfully delivered products and services that encompass the entire lifecycle of the construction and real estate sector.&#8221;][\/vc_column_inner][\/vc_row_inner]<div class=\"visual-carousel\">\n\t<div class=\"visual-carousel-items\" data-responsive=\"%5B%7B%22width%22%3A%220%22%2C%22items%22%3A%221%22%2C%22margin%22%3A%220%22%7D%2C%7B%22width%22%3A%22480%22%2C%22items%22%3A%221%22%2C%22margin%22%3A%223%22%7D%2C%7B%22width%22%3A%22768%22%2C%22items%22%3A%221%22%2C%22margin%22%3A%225%22%7D%2C%7B%22width%22%3A%22992%22%2C%22items%22%3A%221%22%2C%22margin%22%3A%228%22%7D%2C%7B%22width%22%3A%221200%22%2C%22items%22%3A%221%22%2C%22margin%22%3A%2210%22%7D%5D\">\n\n        <div class=\"wpb-content-wrapper\"><p>[vc_row_inner][vc_column_inner width=&#8221;1\/2&#8243;][vc_custom_heading text=&#8221;Build Your Future with Deniz Yap\u0131!&#8221; font_container=&#8221;tag:h4|text_align:left&#8221; use_theme_fonts=&#8221;yes&#8221; css=&#8221;.vc_custom_1741477690686{margin-top: 40px !important;}&#8221; cms_ch_type=&#8221;default&#8221;][vc_column_text css=&#8221;.vc_custom_1741477744420{margin-bottom: 15px !important;}&#8221;]As Deniz Yap\u0131, we aim to develop sustainable projects by offering reliable and innovative solutions in the construction sector. While building the living spaces of the future, we aim to make a difference in the sector by prioritizing aesthetics, functionality and durability. We are on our way to becoming a brand that builds not only today but also tomorrow. Our mission in this direction:[\/vc_column_text][vc_column_text css=&#8221;&#8221;]<\/p>\n<ul class=\"hidden-sm hidden-xs\">\n<li>Using quality materials and modern technologies.<\/li>\n<li>To build environmentally sensitive and sustainable structures.<\/li>\n<li>To comply with occupational health and safety standards.<\/li>\n<li>Delivering projects on time and in full.<\/li>\n<li>Developing innovative and innovative solutions.<\/li>\n<\/ul>\n<p>[\/vc_column_text][\/vc_column_inner][vc_column_inner width=&#8221;1\/2&#8243;][vc_single_image image=&#8221;1943&#8243; img_size=&#8221;full&#8221; css=&#8221;.vc_custom_1744230539887{margin-bottom: 15px !important;}&#8221;][\/vc_column_inner][\/vc_row_inner]<\/p>\n<\/div>\t<\/div>\n<\/div>\n\n[\/vc_column][\/vc_row][vc_row full_width=&#8221;stretch_row&#8221; parallax=&#8221;content-moving&#8221; parallax_image=&#8221;1161&#8243; row_bg_bottom=&#8221;row_bg_bottom&#8221; overlay_row=&#8221;true&#8221; row_up=&#8221;&#8221; overlay_color=&#8221;rgba(0,0,0,0.75)&#8221;][vc_column css=&#8221;.vc_custom_1496895466152{padding-top: 40px !important;padding-bottom: 20px !important;}&#8221;][vc_row_inner][vc_column_inner offset=&#8221;vc_col-lg-offset-2 vc_col-lg-8 vc_col-md-offset-2 vc_col-md-8&#8243;][vc_custom_heading text=&#8221;CONTACT US&#8221; font_container=&#8221;tag:h4|text_align:center|color:%23ffffff&#8221; use_theme_fonts=&#8221;yes&#8221; css=&#8221;&#8221; cms_ch_type=&#8221;heading2&#8243; cms_custom_headding_type=&#8221;text-center&#8221;][vc_custom_heading text=&#8221;You can use the contact form below to get more information about Deniz Yap\u0131 and to evaluate cooperation opportunities.&#8221; font_container=&#8221;tag:p|font_size:12.5px|text_align:center|color:%23FFFFFF&#8221; use_theme_fonts=&#8221;yes&#8221; css=&#8221;.vc_custom_1744230272865{margin-bottom: 40px !important;}&#8221; cms_ch_type=&#8221;default&#8221;]\n<div class=\"wpcf7 no-js\" id=\"wpcf7-f2166-o1\" lang=\"en-US\" dir=\"ltr\" data-wpcf7-id=\"2166\">\n<div class=\"screen-reader-response\"><p role=\"status\" aria-live=\"polite\" aria-atomic=\"true\"><\/p> <ul><\/ul><\/div>\n<form action=\"\/en\/wp-json\/wp\/v2\/pages\/1944#wpcf7-f2166-o1\" method=\"post\" class=\"wpcf7-form init\" aria-label=\"Contact form\" novalidate=\"novalidate\" data-status=\"init\">\n<fieldset class=\"hidden-fields-container\"><input type=\"hidden\" name=\"_wpcf7\" value=\"2166\" \/><input type=\"hidden\" name=\"_wpcf7_version\" value=\"6.1.5\" \/><input type=\"hidden\" name=\"_wpcf7_locale\" value=\"en_US\" \/><input type=\"hidden\" name=\"_wpcf7_unit_tag\" value=\"wpcf7-f2166-o1\" \/><input type=\"hidden\" name=\"_wpcf7_container_post\" value=\"0\" \/><input type=\"hidden\" name=\"_wpcf7_posted_data_hash\" value=\"\" \/><input type=\"hidden\" name=\"_wpcf7_recaptcha_response\" value=\"\" \/>\n<\/fieldset>\n<div class=\"contact-form-3\">\n\t<div class=\"row item\">\n\t\t<div class=\"col-md-6\">\n\t\t\t<p><span class=\"wpcf7-form-control-wrap\" data-name=\"fname\"><input size=\"40\" maxlength=\"400\" class=\"wpcf7-form-control wpcf7-text wpcf7-validates-as-required\" aria-required=\"true\" aria-invalid=\"false\" placeholder=\"Ad\u0131n\u0131z Soyad\u0131n\u0131z\" value=\"\" type=\"text\" name=\"fname\" \/><\/span>\n\t\t\t<\/p>\n\t\t<\/div>\n\t\t<div class=\"col-md-6\">\n\t\t\t<p><span class=\"wpcf7-form-control-wrap\" data-name=\"phone\"><input size=\"40\" maxlength=\"400\" class=\"wpcf7-form-control wpcf7-tel wpcf7-validates-as-required wpcf7-text wpcf7-validates-as-tel\" aria-required=\"true\" aria-invalid=\"false\" placeholder=\"Telefon Numaran\u0131z\" value=\"\" type=\"tel\" name=\"phone\" \/><\/span>\n\t\t\t<\/p>\n\t\t<\/div>\n\t\t<div class=\"col-md-6\">\n\t\t\t<p><span class=\"wpcf7-form-control-wrap\" data-name=\"email\"><input size=\"40\" maxlength=\"400\" class=\"wpcf7-form-control wpcf7-email wpcf7-validates-as-required wpcf7-text wpcf7-validates-as-email\" aria-required=\"true\" aria-invalid=\"false\" placeholder=\"E-posta Adresiniz\" value=\"\" type=\"email\" name=\"email\" \/><\/span>\n\t\t\t<\/p>\n\t\t<\/div>\n\t\t<div class=\"col-md-6\">\n\t\t\t<p><span class=\"wpcf7-form-control-wrap\" data-name=\"cname\"><input size=\"40\" maxlength=\"400\" class=\"wpcf7-form-control wpcf7-text\" aria-invalid=\"false\" placeholder=\"Firma Ad\u0131\" value=\"\" type=\"text\" name=\"cname\" \/><\/span>\n\t\t\t<\/p>\n\t\t<\/div>\n\t\t<div class=\"col-md-12\">\n\t\t\t<p><span class=\"wpcf7-form-control-wrap\" data-name=\"textarea\"><textarea cols=\"40\" rows=\"10\" maxlength=\"2000\" class=\"wpcf7-form-control wpcf7-textarea\" aria-invalid=\"false\" placeholder=\"Mesaj\u0131n\u0131z\" name=\"textarea\"><\/textarea><\/span>\n\t\t\t<\/p>\n\t\t<\/div>\n\t\t<div class=\"col-md-6\">\n\t\t<span class=\"wpcf7-form-control-wrap recaptcha\" data-name=\"recaptcha\"><span data-sitekey=\"6LeA1YQsAAAAANj-ZKE38gJNZu_iGRSPn9irIF-w\" data-size=\"compact\" class=\"wpcf7-form-control wpcf7-recaptcha g-recaptcha\"><\/span>\r\n<noscript>\r\n\t<div class=\"grecaptcha-noscript\">\r\n\t\t<iframe loading=\"lazy\" src=\"https:\/\/www.google.com\/recaptcha\/api\/fallback?k=6LeA1YQsAAAAANj-ZKE38gJNZu_iGRSPn9irIF-w\" frameborder=\"0\" scrolling=\"no\" width=\"310\" height=\"430\">\r\n\t\t<\/iframe>\r\n\t\t<textarea name=\"g-recaptcha-response\" rows=\"3\" cols=\"40\" placeholder=\"reCaptcha Response Here\">\r\n\t\t<\/textarea>\r\n\t<\/div>\r\n<\/noscript>\r\n<\/span>\n\t\t<\/div>\n\t\t<div class=\"col-md-6\">\n\t\t\t<div>\n\t\t\t\t<p><button class=\"btn btn-palovit center-block\"><input class=\"wpcf7-form-control wpcf7-submit has-spinner send\" type=\"submit\" value=\"G\u00d6NDER\" \/><\/button>\n\t\t\t\t<\/p>\n\t\t\t<\/div>\n\t\t<\/div>\n\t<\/div>\n<\/div><div class=\"wpcf7-response-output\" aria-hidden=\"true\"><\/div>\n<\/form>\n<\/div>\n[\/vc_column_inner][\/vc_row_inner][\/vc_column][\/vc_row][vc_row full_width=&#8221;stretch_row_content_no_spaces&#8221; row_bg_bottom=&#8221;row_bg_bottom&#8221; css=&#8221;.vc_custom_1743197974787{border-bottom-width: 1px !important;padding-top: 40px !important;padding-bottom: 80px !important;border-bottom-style: solid !important;border-color: #eeeeee !important;}&#8221;][vc_column css=&#8221;.vc_custom_1496890495446{padding-top: 20px !important;}&#8221;][vc_custom_heading text=&#8221;PROJECTS&#8221; font_container=&#8221;tag:h4|text_align:center&#8221; use_theme_fonts=&#8221;yes&#8221; css=&#8221;.vc_custom_1742858862880{margin-bottom: 30px !important;}&#8221; cms_ch_type=&#8221;heading2&#8243; cms_custom_headding_type=&#8221;text-center&#8221;][cms_grid layout=&#8221;masonry&#8221; col_xs=&#8221;1&#8243; col_sm=&#8221;2&#8243; col_md=&#8221;4&#8243; col_lg=&#8221;6&#8243; grid_projects_style=&#8221;project1&#8243; project_no_space=&#8221;true&#8221; cms_template=&#8221;cms_grid&#8211;projects.php&#8221; source=&#8221;size:18|order_by:date|post_type:projects&#8221;][\/vc_column][\/vc_row]<\/p>\n<\/div>","protected":false},"excerpt":{"rendered":"<p>[vc_row full_width=&#8221;stretch_row&#8221; row_bg_bottom=&#8221;row_bg_bottom&#8221;][vc_column offset=&#8221;vc_hidden-xs&#8221;][rev_slider_vc alias=&#8221;dnz-slide-ingilizce&#8221;][\/vc_column][vc_column offset=&#8221;vc_hidden-lg vc_hidden-md vc_hidden-sm&#8221;][rev_slider_vc alias=&#8221;dnz-slide-ingilizce-mobil&#8221;][\/vc_column][\/vc_row][vc_row full_width=&#8221;stretch_row&#8221; row_bg_bottom=&#8221;row_bg_bottom&#8221; css=&#8221;.vc_custom_1496896497880{border-bottom-width: 1px !important;border-bottom-color: #eeeeee !important;border-bottom-style: solid !important;}&#8221;][vc_column css=&#8221;.vc_custom_1496905094681{margin-top: 25px !important;margin-bottom: 20px !important;}&#8221;][vc_row_inner][vc_column_inner width=&#8221;1\/3&#8243;][vc_column_text css=&#8221;&#8221;] CONTRACTING We build your projects on solid foundations with a reliable and timely delivery approach. [\/vc_column_text][\/vc_column_inner][vc_column_inner width=&#8221;1\/3&#8243;][vc_column_text css=&#8221;&#8221;] REAL ESTATE DEVELOPMENT We develop sustainable and innovative real estate projects with<\/p>\n","protected":false},"author":1,"featured_media":2266,"parent":0,"menu_order":0,"comment_status":"closed","ping_status":"closed","template":"","meta":{"footnotes":""},"class_list":["post-1944","page","type-page","status-publish","has-post-thumbnail","hentry"],"yoast_head":"<!-- This site is optimized with the Yoast SEO plugin v27.0 - https:\/\/yoast.com\/product\/yoast-seo-wordpress\/ -->\n<title>ANASAYFA - DEN\u0130Z YAPI<\/title>\n<meta name=\"robots\" content=\"index, follow, max-snippet:-1, max-image-preview:large, max-video-preview:-1\" \/>\n<link rel=\"canonical\" href=\"https:\/\/dnzyapi.com.tr\/en\/\" \/>\n<meta property=\"og:locale\" content=\"en_US\" \/>\n<meta property=\"og:type\" content=\"article\" \/>\n<meta property=\"og:title\" content=\"ANASAYFA - DEN\u0130Z YAPI\" \/>\n<meta property=\"og:description\" content=\"[vc_row full_width=&#8221;stretch_row&#8221; row_bg_bottom=&#8221;row_bg_bottom&#8221;][vc_column offset=&#8221;vc_hidden-xs&#8221;][rev_slider_vc alias=&#8221;dnz-slide-ingilizce&#8221;][\/vc_column][vc_column offset=&#8221;vc_hidden-lg vc_hidden-md vc_hidden-sm&#8221;][rev_slider_vc alias=&#8221;dnz-slide-ingilizce-mobil&#8221;][\/vc_column][\/vc_row][vc_row full_width=&#8221;stretch_row&#8221; row_bg_bottom=&#8221;row_bg_bottom&#8221; css=&#8221;.vc_custom_1496896497880{border-bottom-width: 1px !important;border-bottom-color: #eeeeee !important;border-bottom-style: solid !important;}&#8221;][vc_column css=&#8221;.vc_custom_1496905094681{margin-top: 25px !important;margin-bottom: 20px !important;}&#8221;][vc_row_inner][vc_column_inner width=&#8221;1\/3&#8243;][vc_column_text css=&#8221;&#8221;] CONTRACTING We build your projects on solid foundations with a reliable and timely delivery approach. [\/vc_column_text][\/vc_column_inner][vc_column_inner width=&#8221;1\/3&#8243;][vc_column_text css=&#8221;&#8221;] REAL ESTATE DEVELOPMENT We develop sustainable and innovative real estate projects with\" \/>\n<meta property=\"og:url\" content=\"https:\/\/dnzyapi.com.tr\/en\/\" \/>\n<meta property=\"og:site_name\" content=\"DEN\u0130Z YAPI\" \/>\n<meta property=\"article:modified_time\" content=\"2025-05-05T12:20:00+00:00\" \/>\n<meta property=\"og:image\" content=\"https:\/\/dnzyapi.com.tr\/wp-content\/uploads\/2025\/04\/deniz-yapi-profil-foto.jpg\" \/>\n\t<meta property=\"og:image:width\" content=\"500\" \/>\n\t<meta property=\"og:image:height\" content=\"500\" \/>\n\t<meta property=\"og:image:type\" content=\"image\/jpeg\" \/>\n<meta name=\"twitter:card\" content=\"summary_large_image\" \/>\n<meta name=\"twitter:label1\" content=\"Est. reading time\" \/>\n\t<meta name=\"twitter:data1\" content=\"5 minutes\" \/>\n<script type=\"application\/ld+json\" class=\"yoast-schema-graph\">{\"@context\":\"https:\/\/schema.org\",\"@graph\":[{\"@type\":\"WebPage\",\"@id\":\"https:\/\/dnzyapi.com.tr\/en\/\",\"url\":\"https:\/\/dnzyapi.com.tr\/en\/\",\"name\":\"ANASAYFA - DEN\u0130Z YAPI\",\"isPartOf\":{\"@id\":\"https:\/\/dnzyapi.com.tr\/en\/#website\"},\"primaryImageOfPage\":{\"@id\":\"https:\/\/dnzyapi.com.tr\/en\/#primaryimage\"},\"image\":{\"@id\":\"https:\/\/dnzyapi.com.tr\/en\/#primaryimage\"},\"thumbnailUrl\":\"https:\/\/dnzyapi.com.tr\/wp-content\/uploads\/2025\/04\/deniz-yapi-profil-foto.jpg\",\"datePublished\":\"2017-06-05T23:08:12+00:00\",\"dateModified\":\"2025-05-05T12:20:00+00:00\",\"breadcrumb\":{\"@id\":\"https:\/\/dnzyapi.com.tr\/en\/#breadcrumb\"},\"inLanguage\":\"en-US\",\"potentialAction\":[{\"@type\":\"ReadAction\",\"target\":[\"https:\/\/dnzyapi.com.tr\/en\/\"]}]},{\"@type\":\"ImageObject\",\"inLanguage\":\"en-US\",\"@id\":\"https:\/\/dnzyapi.com.tr\/en\/#primaryimage\",\"url\":\"https:\/\/dnzyapi.com.tr\/wp-content\/uploads\/2025\/04\/deniz-yapi-profil-foto.jpg\",\"contentUrl\":\"https:\/\/dnzyapi.com.tr\/wp-content\/uploads\/2025\/04\/deniz-yapi-profil-foto.jpg\",\"width\":500,\"height\":500},{\"@type\":\"BreadcrumbList\",\"@id\":\"https:\/\/dnzyapi.com.tr\/en\/#breadcrumb\",\"itemListElement\":[{\"@type\":\"ListItem\",\"position\":1,\"name\":\"Anasayfa\",\"item\":\"https:\/\/dnzyapi.com.tr\/en\/\"},{\"@type\":\"ListItem\",\"position\":2,\"name\":\"ANASAYFA\"}]},{\"@type\":\"WebSite\",\"@id\":\"https:\/\/dnzyapi.com.tr\/en\/#website\",\"url\":\"https:\/\/dnzyapi.com.tr\/en\/\",\"name\":\"DEN\u0130Z YAPI\",\"description\":\"En b\u00fcy\u00fck imar, g\u00fcven.\",\"potentialAction\":[{\"@type\":\"SearchAction\",\"target\":{\"@type\":\"EntryPoint\",\"urlTemplate\":\"https:\/\/dnzyapi.com.tr\/en\/?s={search_term_string}\"},\"query-input\":{\"@type\":\"PropertyValueSpecification\",\"valueRequired\":true,\"valueName\":\"search_term_string\"}}],\"inLanguage\":\"en-US\"}]}<\/script>\n<!-- \/ Yoast SEO plugin. -->","yoast_head_json":{"title":"ANASAYFA - DEN\u0130Z YAPI","robots":{"index":"index","follow":"follow","max-snippet":"max-snippet:-1","max-image-preview":"max-image-preview:large","max-video-preview":"max-video-preview:-1"},"canonical":"https:\/\/dnzyapi.com.tr\/en\/","og_locale":"en_US","og_type":"article","og_title":"ANASAYFA - DEN\u0130Z YAPI","og_description":"[vc_row full_width=&#8221;stretch_row&#8221; row_bg_bottom=&#8221;row_bg_bottom&#8221;][vc_column offset=&#8221;vc_hidden-xs&#8221;][rev_slider_vc alias=&#8221;dnz-slide-ingilizce&#8221;][\/vc_column][vc_column offset=&#8221;vc_hidden-lg vc_hidden-md vc_hidden-sm&#8221;][rev_slider_vc alias=&#8221;dnz-slide-ingilizce-mobil&#8221;][\/vc_column][\/vc_row][vc_row full_width=&#8221;stretch_row&#8221; row_bg_bottom=&#8221;row_bg_bottom&#8221; css=&#8221;.vc_custom_1496896497880{border-bottom-width: 1px !important;border-bottom-color: #eeeeee !important;border-bottom-style: solid !important;}&#8221;][vc_column css=&#8221;.vc_custom_1496905094681{margin-top: 25px !important;margin-bottom: 20px !important;}&#8221;][vc_row_inner][vc_column_inner width=&#8221;1\/3&#8243;][vc_column_text css=&#8221;&#8221;] CONTRACTING We build your projects on solid foundations with a reliable and timely delivery approach. [\/vc_column_text][\/vc_column_inner][vc_column_inner width=&#8221;1\/3&#8243;][vc_column_text css=&#8221;&#8221;] REAL ESTATE DEVELOPMENT We develop sustainable and innovative real estate projects with","og_url":"https:\/\/dnzyapi.com.tr\/en\/","og_site_name":"DEN\u0130Z YAPI","article_modified_time":"2025-05-05T12:20:00+00:00","og_image":[{"width":500,"height":500,"url":"https:\/\/dnzyapi.com.tr\/wp-content\/uploads\/2025\/04\/deniz-yapi-profil-foto.jpg","type":"image\/jpeg"}],"twitter_card":"summary_large_image","twitter_misc":{"Est. reading time":"5 minutes"},"schema":{"@context":"https:\/\/schema.org","@graph":[{"@type":"WebPage","@id":"https:\/\/dnzyapi.com.tr\/en\/","url":"https:\/\/dnzyapi.com.tr\/en\/","name":"ANASAYFA - DEN\u0130Z YAPI","isPartOf":{"@id":"https:\/\/dnzyapi.com.tr\/en\/#website"},"primaryImageOfPage":{"@id":"https:\/\/dnzyapi.com.tr\/en\/#primaryimage"},"image":{"@id":"https:\/\/dnzyapi.com.tr\/en\/#primaryimage"},"thumbnailUrl":"https:\/\/dnzyapi.com.tr\/wp-content\/uploads\/2025\/04\/deniz-yapi-profil-foto.jpg","datePublished":"2017-06-05T23:08:12+00:00","dateModified":"2025-05-05T12:20:00+00:00","breadcrumb":{"@id":"https:\/\/dnzyapi.com.tr\/en\/#breadcrumb"},"inLanguage":"en-US","potentialAction":[{"@type":"ReadAction","target":["https:\/\/dnzyapi.com.tr\/en\/"]}]},{"@type":"ImageObject","inLanguage":"en-US","@id":"https:\/\/dnzyapi.com.tr\/en\/#primaryimage","url":"https:\/\/dnzyapi.com.tr\/wp-content\/uploads\/2025\/04\/deniz-yapi-profil-foto.jpg","contentUrl":"https:\/\/dnzyapi.com.tr\/wp-content\/uploads\/2025\/04\/deniz-yapi-profil-foto.jpg","width":500,"height":500},{"@type":"BreadcrumbList","@id":"https:\/\/dnzyapi.com.tr\/en\/#breadcrumb","itemListElement":[{"@type":"ListItem","position":1,"name":"Anasayfa","item":"https:\/\/dnzyapi.com.tr\/en\/"},{"@type":"ListItem","position":2,"name":"ANASAYFA"}]},{"@type":"WebSite","@id":"https:\/\/dnzyapi.com.tr\/en\/#website","url":"https:\/\/dnzyapi.com.tr\/en\/","name":"DEN\u0130Z YAPI","description":"En b\u00fcy\u00fck imar, g\u00fcven.","potentialAction":[{"@type":"SearchAction","target":{"@type":"EntryPoint","urlTemplate":"https:\/\/dnzyapi.com.tr\/en\/?s={search_term_string}"},"query-input":{"@type":"PropertyValueSpecification","valueRequired":true,"valueName":"search_term_string"}}],"inLanguage":"en-US"}]}},"_links":{"self":[{"href":"https:\/\/dnzyapi.com.tr\/en\/wp-json\/wp\/v2\/pages\/1944","targetHints":{"allow":["GET"]}}],"collection":[{"href":"https:\/\/dnzyapi.com.tr\/en\/wp-json\/wp\/v2\/pages"}],"about":[{"href":"https:\/\/dnzyapi.com.tr\/en\/wp-json\/wp\/v2\/types\/page"}],"author":[{"embeddable":true,"href":"https:\/\/dnzyapi.com.tr\/en\/wp-json\/wp\/v2\/users\/1"}],"replies":[{"embeddable":true,"href":"https:\/\/dnzyapi.com.tr\/en\/wp-json\/wp\/v2\/comments?post=1944"}],"version-history":[{"count":8,"href":"https:\/\/dnzyapi.com.tr\/en\/wp-json\/wp\/v2\/pages\/1944\/revisions"}],"predecessor-version":[{"id":2316,"href":"https:\/\/dnzyapi.com.tr\/en\/wp-json\/wp\/v2\/pages\/1944\/revisions\/2316"}],"wp:featuredmedia":[{"embeddable":true,"href":"https:\/\/dnzyapi.com.tr\/en\/wp-json\/wp\/v2\/media\/2266"}],"wp:attachment":[{"href":"https:\/\/dnzyapi.com.tr\/en\/wp-json\/wp\/v2\/media?parent=1944"}],"curies":[{"name":"wp","href":"https:\/\/api.w.org\/{rel}","templated":true}]}}