{"id":2145,"date":"2017-06-06T04:25:55","date_gmt":"2017-06-06T01:25:55","guid":{"rendered":"https:\/\/dnzyapi.com.tr\/kurumsal\/"},"modified":"2025-09-03T17:53:24","modified_gmt":"2025-09-03T14:53:24","slug":"kurumsal","status":"publish","type":"page","link":"https:\/\/dnzyapi.com.tr\/en\/kurumsal\/","title":{"rendered":"CORPORATE"},"content":{"rendered":"<div class=\"wpb-content-wrapper\"><p>[vc_row full_width=&#8221;stretch_row&#8221; content_placement=&#8221;middle&#8221; row_bg_bottom=&#8221;row_bg_bottom&#8221; css=&#8221;.vc_custom_1746453480030{margin-bottom: 60px !important;padding-top: 115px !important;padding-bottom: 115px !important;background-image: url(https:\/\/dnzyapi.com.tr\/wp-content\/uploads\/2025\/05\/dnz-subheader-banner-kurumsal.jpg?id=2357) !important;background-position: center !important;background-repeat: no-repeat !important;background-size: cover !important;}&#8221;][vc_column][vc_column_text css=&#8221;&#8221;]<\/p>\n<h3 style=\"text-align: left; font-size: 20px; font-weight: 600;\"><span style=\"color: #ffffff;\">CORPORATE<\/span><\/h3>\n<p style=\"text-align: left;\"><span style=\"color: #ffffff;\"><span style=\"color: #999999;\"><a style=\"color: #999999;\" href=\"https:\/\/dnzyapi.com.tr\/\">DENIZ YAPI<\/a>\u00a0 &gt;\u00a0 CORPORATE<\/span><br \/>\n<\/span><\/p>\n<p>[\/vc_column_text][\/vc_column][\/vc_row][vc_row row_bg_bottom=&#8221;row_bg_bottom&#8221; css=&#8221;.vc_custom_1742856641641{margin-bottom: 15px !important;}&#8221;][vc_column width=&#8221;1\/2&#8243;][vc_custom_heading text=&#8221;ABOUT US&#8221; font_container=&#8221;tag:h4|font_size:18px|text_align:left&#8221; use_theme_fonts=&#8221;yes&#8221; css=&#8221;&#8221; cms_ch_type=&#8221;heading2&#8243;][vc_column_text css=&#8221;.vc_custom_1756911181435{margin-bottom: 15px !important;}&#8221;]Established in 2005, Deniz Yap\u0131 A.\u015e. considers every construction not merely as a project, but as a lasting contribution to society. Since its foundation, the company has consistently upheld the principles of quality, reliability, innovation, and client satisfaction, evolving into a distinguished brand that delivers projects on both national and international levels.<\/p>\n<p>Our portfolio encompasses a wide spectrum, including residential complexes, private villas, hospitals, schools, industrial facilities, cultural centers, and religious structures. Through these diverse projects, we aspire to address the demands of the present while anticipating the needs of the future.<\/p>\n<p>Guided by a forward-looking vision, Deniz Yap\u0131 A.\u015e. remains committed to providing sustainable, innovative, and high-value solutions that shape the built environment and contribute to long-term societal development.[\/vc_column_text][\/vc_column][vc_column width=&#8221;1\/2&#8243;][vc_single_image image=&#8221;1889&#8243; img_size=&#8221;full&#8221; css=&#8221;&#8221;][\/vc_column][\/vc_row][vc_row][vc_column width=&#8221;1\/2&#8243;][vc_single_image image=&#8221;1892&#8243; img_size=&#8221;full&#8221; css=&#8221;&#8221;][\/vc_column][vc_column width=&#8221;1\/2&#8243;][vc_custom_heading text=&#8221;OUR COMPANY POLICY&#8221; font_container=&#8221;tag:h4|font_size:18px|text_align:left&#8221; use_theme_fonts=&#8221;yes&#8221; css=&#8221;&#8221; cms_ch_type=&#8221;heading2&#8243;][vc_column_text css=&#8221;&#8221;]At Deniz Yap\u0131 A.\u015e., our core policy is to deliver environmentally responsible, aesthetically refined, functional, and value-added structures that maximize client satisfaction.<\/p>\n<p>In all our projects, we are committed to:<\/p>\n<p>&#8211; Upholding trust, quality, efficiency, and stability,<\/p>\n<p>&#8211; Operating with uncompromising ethical standards,<\/p>\n<p>&#8211; Developing client-focused solutions,<\/p>\n<p>&#8211; Acting with a strong sense of social responsibility.<\/p>\n<p>Furthermore, we continuously embrace technological advancements and integrate them into our projects, ensuring that we construct sustainable, energy-efficient, and environmentally friendly buildings.<\/p>\n<p>Our objective is not only to meet today\u2019s requirements, but also to create innovative and sustainable structures that add long-term value to the future.[\/vc_column_text][\/vc_column][\/vc_row]<\/p>\n<\/div>","protected":false},"excerpt":{"rendered":"<p>[vc_row full_width=&#8221;stretch_row&#8221; content_placement=&#8221;middle&#8221; row_bg_bottom=&#8221;row_bg_bottom&#8221; css=&#8221;.vc_custom_1746453480030{margin-bottom: 60px !important;padding-top: 115px !important;padding-bottom: 115px !important;background-image: url(https:\/\/dnzyapi.com.tr\/wp-content\/uploads\/2025\/05\/dnz-subheader-banner-kurumsal.jpg?id=2357) !important;background-position: center !important;background-repeat: no-repeat !important;background-size: cover !important;}&#8221;][vc_column][vc_column_text css=&#8221;&#8221;] CORPORATE DENIZ YAPI\u00a0 &gt;\u00a0 CORPORATE [\/vc_column_text][\/vc_column][\/vc_row][vc_row row_bg_bottom=&#8221;row_bg_bottom&#8221; css=&#8221;.vc_custom_1742856641641{margin-bottom: 15px !important;}&#8221;][vc_column width=&#8221;1\/2&#8243;][vc_custom_heading text=&#8221;ABOUT US&#8221; font_container=&#8221;tag:h4|font_size:18px|text_align:left&#8221; use_theme_fonts=&#8221;yes&#8221; css=&#8221;&#8221; cms_ch_type=&#8221;heading2&#8243;][vc_column_text css=&#8221;.vc_custom_1756911181435{margin-bottom: 15px !important;}&#8221;]Established in 2005, Deniz Yap\u0131 A.\u015e. considers every construction not merely as a project, but as<\/p>\n","protected":false},"author":1,"featured_media":0,"parent":0,"menu_order":0,"comment_status":"closed","ping_status":"closed","template":"","meta":{"footnotes":""},"class_list":["post-2145","page","type-page","status-publish","hentry"],"yoast_head":"<!-- This site is optimized with the Yoast SEO plugin v27.0 - https:\/\/yoast.com\/product\/yoast-seo-wordpress\/ -->\n<title>CORPORATE - DEN\u0130Z YAPI<\/title>\n<meta name=\"robots\" content=\"index, follow, max-snippet:-1, max-image-preview:large, max-video-preview:-1\" \/>\n<link rel=\"canonical\" href=\"https:\/\/dnzyapi.com.tr\/en\/kurumsal\/\" \/>\n<meta property=\"og:locale\" content=\"en_US\" \/>\n<meta property=\"og:type\" content=\"article\" \/>\n<meta property=\"og:title\" content=\"CORPORATE - DEN\u0130Z YAPI\" \/>\n<meta property=\"og:description\" content=\"[vc_row full_width=&#8221;stretch_row&#8221; content_placement=&#8221;middle&#8221; row_bg_bottom=&#8221;row_bg_bottom&#8221; css=&#8221;.vc_custom_1746453480030{margin-bottom: 60px !important;padding-top: 115px !important;padding-bottom: 115px !important;background-image: url(https:\/\/dnzyapi.com.tr\/wp-content\/uploads\/2025\/05\/dnz-subheader-banner-kurumsal.jpg?id=2357) !important;background-position: center !important;background-repeat: no-repeat !important;background-size: cover !important;}&#8221;][vc_column][vc_column_text css=&#8221;&#8221;] CORPORATE DENIZ YAPI\u00a0 &gt;\u00a0 CORPORATE [\/vc_column_text][\/vc_column][\/vc_row][vc_row row_bg_bottom=&#8221;row_bg_bottom&#8221; css=&#8221;.vc_custom_1742856641641{margin-bottom: 15px !important;}&#8221;][vc_column width=&#8221;1\/2&#8243;][vc_custom_heading text=&#8221;ABOUT US&#8221; font_container=&#8221;tag:h4|font_size:18px|text_align:left&#8221; use_theme_fonts=&#8221;yes&#8221; css=&#8221;&#8221; cms_ch_type=&#8221;heading2&#8243;][vc_column_text css=&#8221;.vc_custom_1756911181435{margin-bottom: 15px !important;}&#8221;]Established in 2005, Deniz Yap\u0131 A.\u015e. considers every construction not merely as a project, but as\" \/>\n<meta property=\"og:url\" content=\"https:\/\/dnzyapi.com.tr\/en\/kurumsal\/\" \/>\n<meta property=\"og:site_name\" content=\"DEN\u0130Z YAPI\" \/>\n<meta property=\"article:modified_time\" content=\"2025-09-03T14:53:24+00:00\" \/>\n<meta name=\"twitter:card\" content=\"summary_large_image\" \/>\n<meta name=\"twitter:label1\" content=\"Est. reading time\" \/>\n\t<meta name=\"twitter:data1\" content=\"2 minutes\" \/>\n<script type=\"application\/ld+json\" class=\"yoast-schema-graph\">{\"@context\":\"https:\/\/schema.org\",\"@graph\":[{\"@type\":\"WebPage\",\"@id\":\"https:\/\/dnzyapi.com.tr\/en\/kurumsal\/\",\"url\":\"https:\/\/dnzyapi.com.tr\/en\/kurumsal\/\",\"name\":\"CORPORATE - DEN\u0130Z YAPI\",\"isPartOf\":{\"@id\":\"https:\/\/dnzyapi.com.tr\/en\/#website\"},\"datePublished\":\"2017-06-06T01:25:55+00:00\",\"dateModified\":\"2025-09-03T14:53:24+00:00\",\"breadcrumb\":{\"@id\":\"https:\/\/dnzyapi.com.tr\/en\/kurumsal\/#breadcrumb\"},\"inLanguage\":\"en-US\",\"potentialAction\":[{\"@type\":\"ReadAction\",\"target\":[\"https:\/\/dnzyapi.com.tr\/en\/kurumsal\/\"]}]},{\"@type\":\"BreadcrumbList\",\"@id\":\"https:\/\/dnzyapi.com.tr\/en\/kurumsal\/#breadcrumb\",\"itemListElement\":[{\"@type\":\"ListItem\",\"position\":1,\"name\":\"Anasayfa\",\"item\":\"https:\/\/dnzyapi.com.tr\/en\/\"},{\"@type\":\"ListItem\",\"position\":2,\"name\":\"CORPORATE\"}]},{\"@type\":\"WebSite\",\"@id\":\"https:\/\/dnzyapi.com.tr\/en\/#website\",\"url\":\"https:\/\/dnzyapi.com.tr\/en\/\",\"name\":\"DEN\u0130Z YAPI\",\"description\":\"En b\u00fcy\u00fck imar, g\u00fcven.\",\"potentialAction\":[{\"@type\":\"SearchAction\",\"target\":{\"@type\":\"EntryPoint\",\"urlTemplate\":\"https:\/\/dnzyapi.com.tr\/en\/?s={search_term_string}\"},\"query-input\":{\"@type\":\"PropertyValueSpecification\",\"valueRequired\":true,\"valueName\":\"search_term_string\"}}],\"inLanguage\":\"en-US\"}]}<\/script>\n<!-- \/ Yoast SEO plugin. -->","yoast_head_json":{"title":"CORPORATE - DEN\u0130Z YAPI","robots":{"index":"index","follow":"follow","max-snippet":"max-snippet:-1","max-image-preview":"max-image-preview:large","max-video-preview":"max-video-preview:-1"},"canonical":"https:\/\/dnzyapi.com.tr\/en\/kurumsal\/","og_locale":"en_US","og_type":"article","og_title":"CORPORATE - DEN\u0130Z YAPI","og_description":"[vc_row full_width=&#8221;stretch_row&#8221; content_placement=&#8221;middle&#8221; row_bg_bottom=&#8221;row_bg_bottom&#8221; css=&#8221;.vc_custom_1746453480030{margin-bottom: 60px !important;padding-top: 115px !important;padding-bottom: 115px !important;background-image: url(https:\/\/dnzyapi.com.tr\/wp-content\/uploads\/2025\/05\/dnz-subheader-banner-kurumsal.jpg?id=2357) !important;background-position: center !important;background-repeat: no-repeat !important;background-size: cover !important;}&#8221;][vc_column][vc_column_text css=&#8221;&#8221;] CORPORATE DENIZ YAPI\u00a0 &gt;\u00a0 CORPORATE [\/vc_column_text][\/vc_column][\/vc_row][vc_row row_bg_bottom=&#8221;row_bg_bottom&#8221; css=&#8221;.vc_custom_1742856641641{margin-bottom: 15px !important;}&#8221;][vc_column width=&#8221;1\/2&#8243;][vc_custom_heading text=&#8221;ABOUT US&#8221; font_container=&#8221;tag:h4|font_size:18px|text_align:left&#8221; use_theme_fonts=&#8221;yes&#8221; css=&#8221;&#8221; cms_ch_type=&#8221;heading2&#8243;][vc_column_text css=&#8221;.vc_custom_1756911181435{margin-bottom: 15px !important;}&#8221;]Established in 2005, Deniz Yap\u0131 A.\u015e. considers every construction not merely as a project, but as","og_url":"https:\/\/dnzyapi.com.tr\/en\/kurumsal\/","og_site_name":"DEN\u0130Z YAPI","article_modified_time":"2025-09-03T14:53:24+00:00","twitter_card":"summary_large_image","twitter_misc":{"Est. reading time":"2 minutes"},"schema":{"@context":"https:\/\/schema.org","@graph":[{"@type":"WebPage","@id":"https:\/\/dnzyapi.com.tr\/en\/kurumsal\/","url":"https:\/\/dnzyapi.com.tr\/en\/kurumsal\/","name":"CORPORATE - DEN\u0130Z YAPI","isPartOf":{"@id":"https:\/\/dnzyapi.com.tr\/en\/#website"},"datePublished":"2017-06-06T01:25:55+00:00","dateModified":"2025-09-03T14:53:24+00:00","breadcrumb":{"@id":"https:\/\/dnzyapi.com.tr\/en\/kurumsal\/#breadcrumb"},"inLanguage":"en-US","potentialAction":[{"@type":"ReadAction","target":["https:\/\/dnzyapi.com.tr\/en\/kurumsal\/"]}]},{"@type":"BreadcrumbList","@id":"https:\/\/dnzyapi.com.tr\/en\/kurumsal\/#breadcrumb","itemListElement":[{"@type":"ListItem","position":1,"name":"Anasayfa","item":"https:\/\/dnzyapi.com.tr\/en\/"},{"@type":"ListItem","position":2,"name":"CORPORATE"}]},{"@type":"WebSite","@id":"https:\/\/dnzyapi.com.tr\/en\/#website","url":"https:\/\/dnzyapi.com.tr\/en\/","name":"DEN\u0130Z YAPI","description":"En b\u00fcy\u00fck imar, g\u00fcven.","potentialAction":[{"@type":"SearchAction","target":{"@type":"EntryPoint","urlTemplate":"https:\/\/dnzyapi.com.tr\/en\/?s={search_term_string}"},"query-input":{"@type":"PropertyValueSpecification","valueRequired":true,"valueName":"search_term_string"}}],"inLanguage":"en-US"}]}},"_links":{"self":[{"href":"https:\/\/dnzyapi.com.tr\/en\/wp-json\/wp\/v2\/pages\/2145","targetHints":{"allow":["GET"]}}],"collection":[{"href":"https:\/\/dnzyapi.com.tr\/en\/wp-json\/wp\/v2\/pages"}],"about":[{"href":"https:\/\/dnzyapi.com.tr\/en\/wp-json\/wp\/v2\/types\/page"}],"author":[{"embeddable":true,"href":"https:\/\/dnzyapi.com.tr\/en\/wp-json\/wp\/v2\/users\/1"}],"replies":[{"embeddable":true,"href":"https:\/\/dnzyapi.com.tr\/en\/wp-json\/wp\/v2\/comments?post=2145"}],"version-history":[{"count":7,"href":"https:\/\/dnzyapi.com.tr\/en\/wp-json\/wp\/v2\/pages\/2145\/revisions"}],"predecessor-version":[{"id":2410,"href":"https:\/\/dnzyapi.com.tr\/en\/wp-json\/wp\/v2\/pages\/2145\/revisions\/2410"}],"wp:attachment":[{"href":"https:\/\/dnzyapi.com.tr\/en\/wp-json\/wp\/v2\/media?parent=2145"}],"curies":[{"name":"wp","href":"https:\/\/api.w.org\/{rel}","templated":true}]}}