{"id":2148,"date":"2017-06-06T07:07:57","date_gmt":"2017-06-06T04:07:57","guid":{"rendered":"https:\/\/dnzyapi.com.tr\/iletisim\/"},"modified":"2025-05-05T17:04:49","modified_gmt":"2025-05-05T14:04:49","slug":"iletisim","status":"publish","type":"page","link":"https:\/\/dnzyapi.com.tr\/en\/iletisim\/","title":{"rendered":"CONTACT US"},"content":{"rendered":"<div class=\"wpb-content-wrapper\"><p>[vc_row full_width=&#8221;stretch_row&#8221; content_placement=&#8221;middle&#8221; row_bg_bottom=&#8221;row_bg_bottom&#8221; overlay_row=&#8221;&#8221; row_up=&#8221;&#8221; css=&#8221;.vc_custom_1746453734550{margin-bottom: 60px !important;padding-top: 115px !important;padding-bottom: 115px !important;background-image: url(https:\/\/dnzyapi.com.tr\/wp-content\/uploads\/2025\/05\/dnz-subheader-banner-iletisim.jpg?id=2364) !important;background-position: center !important;background-repeat: no-repeat !important;background-size: cover !important;}&#8221;][vc_column][vc_column_text css=&#8221;&#8221;]<\/p>\n<h3 style=\"text-align: left; font-size: 20px; font-weight: 600;\"><span style=\"color: #ffffff;\">CONTACT US<\/span><\/h3>\n<p style=\"text-align: left;\"><span style=\"color: #ffffff;\"><span style=\"color: #999999;\"><a style=\"color: #999999;\" href=\"https:\/\/dnzyapi.com.tr\/\">DENIZ YAPI<\/a>\u00a0 &gt;\u00a0 CONTACT US<\/span><br \/>\n<\/span><\/p>\n<p>[\/vc_column_text][\/vc_column][\/vc_row][vc_row][vc_column width=&#8221;1\/2&#8243; css=&#8221;.vc_custom_1497577518005{margin-bottom: 50px !important;}&#8221;][vc_custom_heading text=&#8221;Contact Form&#8221; font_container=&#8221;tag:h4|text_align:left&#8221; use_theme_fonts=&#8221;yes&#8221; css=&#8221;.vc_custom_1741489429870{margin-bottom: 30px !important;}&#8221; cms_ch_type=&#8221;heading&#8221;]\n<div class=\"wpcf7 no-js\" id=\"wpcf7-f2166-o1\" lang=\"en-US\" dir=\"ltr\" data-wpcf7-id=\"2166\">\n<div class=\"screen-reader-response\"><p role=\"status\" aria-live=\"polite\" aria-atomic=\"true\"><\/p> <ul><\/ul><\/div>\n<form action=\"\/en\/wp-json\/wp\/v2\/pages\/2148#wpcf7-f2166-o1\" method=\"post\" class=\"wpcf7-form init\" aria-label=\"Contact form\" novalidate=\"novalidate\" data-status=\"init\">\n<fieldset class=\"hidden-fields-container\"><input type=\"hidden\" name=\"_wpcf7\" value=\"2166\" \/><input type=\"hidden\" name=\"_wpcf7_version\" value=\"6.1.5\" \/><input type=\"hidden\" name=\"_wpcf7_locale\" value=\"en_US\" \/><input type=\"hidden\" name=\"_wpcf7_unit_tag\" value=\"wpcf7-f2166-o1\" \/><input type=\"hidden\" name=\"_wpcf7_container_post\" value=\"0\" \/><input type=\"hidden\" name=\"_wpcf7_posted_data_hash\" value=\"\" \/><input type=\"hidden\" name=\"_wpcf7_recaptcha_response\" value=\"\" \/>\n<\/fieldset>\n<div class=\"contact-form-3\">\n\t<div class=\"row item\">\n\t\t<div class=\"col-md-6\">\n\t\t\t<p><span class=\"wpcf7-form-control-wrap\" data-name=\"fname\"><input size=\"40\" maxlength=\"400\" class=\"wpcf7-form-control wpcf7-text wpcf7-validates-as-required\" aria-required=\"true\" aria-invalid=\"false\" placeholder=\"Ad\u0131n\u0131z Soyad\u0131n\u0131z\" value=\"\" type=\"text\" name=\"fname\" \/><\/span>\n\t\t\t<\/p>\n\t\t<\/div>\n\t\t<div class=\"col-md-6\">\n\t\t\t<p><span class=\"wpcf7-form-control-wrap\" data-name=\"phone\"><input size=\"40\" maxlength=\"400\" class=\"wpcf7-form-control wpcf7-tel wpcf7-validates-as-required wpcf7-text wpcf7-validates-as-tel\" aria-required=\"true\" aria-invalid=\"false\" placeholder=\"Telefon Numaran\u0131z\" value=\"\" type=\"tel\" name=\"phone\" \/><\/span>\n\t\t\t<\/p>\n\t\t<\/div>\n\t\t<div class=\"col-md-6\">\n\t\t\t<p><span class=\"wpcf7-form-control-wrap\" data-name=\"email\"><input size=\"40\" maxlength=\"400\" class=\"wpcf7-form-control wpcf7-email wpcf7-validates-as-required wpcf7-text wpcf7-validates-as-email\" aria-required=\"true\" aria-invalid=\"false\" placeholder=\"E-posta Adresiniz\" value=\"\" type=\"email\" name=\"email\" \/><\/span>\n\t\t\t<\/p>\n\t\t<\/div>\n\t\t<div class=\"col-md-6\">\n\t\t\t<p><span class=\"wpcf7-form-control-wrap\" data-name=\"cname\"><input size=\"40\" maxlength=\"400\" class=\"wpcf7-form-control wpcf7-text\" aria-invalid=\"false\" placeholder=\"Firma Ad\u0131\" value=\"\" type=\"text\" name=\"cname\" \/><\/span>\n\t\t\t<\/p>\n\t\t<\/div>\n\t\t<div class=\"col-md-12\">\n\t\t\t<p><span class=\"wpcf7-form-control-wrap\" data-name=\"textarea\"><textarea cols=\"40\" rows=\"10\" maxlength=\"2000\" class=\"wpcf7-form-control wpcf7-textarea\" aria-invalid=\"false\" placeholder=\"Mesaj\u0131n\u0131z\" name=\"textarea\"><\/textarea><\/span>\n\t\t\t<\/p>\n\t\t<\/div>\n\t\t<div class=\"col-md-6\">\n\t\t<span class=\"wpcf7-form-control-wrap recaptcha\" data-name=\"recaptcha\"><span data-sitekey=\"6LeA1YQsAAAAANj-ZKE38gJNZu_iGRSPn9irIF-w\" data-size=\"compact\" class=\"wpcf7-form-control wpcf7-recaptcha g-recaptcha\"><\/span>\r\n<noscript>\r\n\t<div class=\"grecaptcha-noscript\">\r\n\t\t<iframe loading=\"lazy\" src=\"https:\/\/www.google.com\/recaptcha\/api\/fallback?k=6LeA1YQsAAAAANj-ZKE38gJNZu_iGRSPn9irIF-w\" frameborder=\"0\" scrolling=\"no\" width=\"310\" height=\"430\">\r\n\t\t<\/iframe>\r\n\t\t<textarea name=\"g-recaptcha-response\" rows=\"3\" cols=\"40\" placeholder=\"reCaptcha Response Here\">\r\n\t\t<\/textarea>\r\n\t<\/div>\r\n<\/noscript>\r\n<\/span>\n\t\t<\/div>\n\t\t<div class=\"col-md-6\">\n\t\t\t<div>\n\t\t\t\t<p><button class=\"btn btn-palovit center-block\"><input class=\"wpcf7-form-control wpcf7-submit has-spinner send\" type=\"submit\" value=\"G\u00d6NDER\" \/><\/button>\n\t\t\t\t<\/p>\n\t\t\t<\/div>\n\t\t<\/div>\n\t<\/div>\n<\/div><div class=\"wpcf7-response-output\" aria-hidden=\"true\"><\/div>\n<\/form>\n<\/div>\n[\/vc_column][vc_column width=&#8221;1\/2&#8243; css=&#8221;.vc_custom_1496734056620{margin-bottom: 54px !important;}&#8221;][vc_custom_heading text=&#8221;Contact us&#8221; font_container=&#8221;tag:h4|text_align:left&#8221; use_theme_fonts=&#8221;yes&#8221; css=&#8221;.vc_custom_1741489456647{margin-bottom: 30px !important;}&#8221; cms_ch_type=&#8221;heading&#8221;][vc_column_text css=&#8221;.vc_custom_1746448728429{margin-bottom: 30px !important;}&#8221;]<i class=\"fa fa-map-marker\" style=\"color: #ffa700;\"><\/i> \u00c7amlik Mah. Selcuk Cad. No: 20-E Pendik \/ Istanbul<\/p>\n<p><i class=\"fa fa-phone\" style=\"color: #ffa700;\"><\/i> <a href=\"tel:+908503401223\"> +90 850 340 12 23<\/a><\/p>\n<p><i class=\"fa fa-whatsapp\" style=\"color: #ffa700;\"><\/i> <a href=\"https:\/\/wa.me\/+905326558037?text=Merhaba\"> +90 532 655 80 37<\/a><\/p>\n<p><i class=\"fa fa-print\" style=\"color: #ffa700;\"><\/i> +90 216 688 38 95<\/p>\n<p><i class=\"fa fa-envelope\" style=\"color: #ffa700;\"><\/i> dnz@dnzyapi.com.tr[\/vc_column_text][vc_custom_heading text=&#8221;Office Location&#8221; font_container=&#8221;tag:h4|text_align:left&#8221; use_theme_fonts=&#8221;yes&#8221; css=&#8221;.vc_custom_1741489660632{margin-bottom: 26px !important;}&#8221; cms_ch_type=&#8221;heading&#8221;][vc_gmaps link=&#8221;#E-8_JTNDaWZyYW1lJTIwc3JjJTNEJTIyaHR0cHMlM0ElMkYlMkZ3d3cuZ29vZ2xlLmNvbSUyRm1hcHMlMkZlbWJlZCUzRnBiJTNEJTIxMW0xOCUyMTFtMTIlMjExbTMlMjExZDYzMy43MzY2MTE3NzgwNzIzJTIxMmQyOS4yODg0ODAwMTgwNzk2MyUyMTNkNDAuOTI1MDM0MDA0MTQzNTglMjEybTMlMjExZjAlMjEyZjAlMjEzZjAlMjEzbTIlMjExaTEwMjQlMjEyaTc2OCUyMTRmMTMuMSUyMTNtMyUyMTFtMiUyMTFzMHgxNGNhZGI5YmJiMzg4YzA3JTI1M0EweDNlOTBlMjA4NGM3ZGJlZTYlMjEyeldXVnNhMlZ1SUUzRHZHeHJJRm5EdG01bGRHbHRhU0JCTHNXZUxnJTIxNWUwJTIxM20yJTIxMXN0ciUyMTJzdHIlMjE0djE3NDE0ODk4NTcyNjglMjE1bTIlMjExc3RyJTIxMnN0ciUyMiUyMHdpZHRoJTNEJTIyNjAwJTIyJTIwaGVpZ2h0JTNEJTIyNDUwJTIyJTIwc3R5bGUlM0QlMjJib3JkZXIlM0EwJTNCJTIyJTIwYWxsb3dmdWxsc2NyZWVuJTNEJTIyJTIyJTIwbG9hZGluZyUzRCUyMmxhenklMjIlMjByZWZlcnJlcnBvbGljeSUzRCUyMm5vLXJlZmVycmVyLXdoZW4tZG93bmdyYWRlJTIyJTNFJTNDJTJGaWZyYW1lJTNF&#8221; size=&#8221;300px&#8221; css=&#8221;&#8221;][\/vc_column][\/vc_row]<\/p>\n<\/div>","protected":false},"excerpt":{"rendered":"<p>[vc_row full_width=&#8221;stretch_row&#8221; content_placement=&#8221;middle&#8221; row_bg_bottom=&#8221;row_bg_bottom&#8221; overlay_row=&#8221;&#8221; row_up=&#8221;&#8221; css=&#8221;.vc_custom_1746453734550{margin-bottom: 60px !important;padding-top: 115px !important;padding-bottom: 115px !important;background-image: url(https:\/\/dnzyapi.com.tr\/wp-content\/uploads\/2025\/05\/dnz-subheader-banner-iletisim.jpg?id=2364) !important;background-position: center !important;background-repeat: no-repeat !important;background-size: cover !important;}&#8221;][vc_column][vc_column_text css=&#8221;&#8221;] CONTACT US DENIZ YAPI\u00a0 &gt;\u00a0 CONTACT US [\/vc_column_text][\/vc_column][\/vc_row][vc_row][vc_column width=&#8221;1\/2&#8243; css=&#8221;.vc_custom_1497577518005{margin-bottom: 50px !important;}&#8221;][vc_custom_heading text=&#8221;Contact Form&#8221; font_container=&#8221;tag:h4|text_align:left&#8221; use_theme_fonts=&#8221;yes&#8221; css=&#8221;.vc_custom_1741489429870{margin-bottom: 30px !important;}&#8221; cms_ch_type=&#8221;heading&#8221;][\/vc_column][vc_column width=&#8221;1\/2&#8243; css=&#8221;.vc_custom_1496734056620{margin-bottom: 54px !important;}&#8221;][vc_custom_heading text=&#8221;Contact us&#8221; font_container=&#8221;tag:h4|text_align:left&#8221; use_theme_fonts=&#8221;yes&#8221; css=&#8221;.vc_custom_1741489456647{margin-bottom: 30px !important;}&#8221; cms_ch_type=&#8221;heading&#8221;][vc_column_text css=&#8221;.vc_custom_1746448728429{margin-bottom:<\/p>\n","protected":false},"author":1,"featured_media":0,"parent":0,"menu_order":0,"comment_status":"closed","ping_status":"closed","template":"","meta":{"footnotes":""},"class_list":["post-2148","page","type-page","status-publish","hentry"],"yoast_head":"<!-- This site is optimized with the Yoast SEO plugin v27.0 - https:\/\/yoast.com\/product\/yoast-seo-wordpress\/ -->\n<title>CONTACT US - DEN\u0130Z YAPI<\/title>\n<meta name=\"robots\" content=\"index, follow, max-snippet:-1, max-image-preview:large, max-video-preview:-1\" \/>\n<link rel=\"canonical\" href=\"https:\/\/dnzyapi.com.tr\/en\/iletisim\/\" \/>\n<meta property=\"og:locale\" content=\"en_US\" \/>\n<meta property=\"og:type\" content=\"article\" \/>\n<meta property=\"og:title\" content=\"CONTACT US - DEN\u0130Z YAPI\" \/>\n<meta property=\"og:description\" content=\"[vc_row full_width=&#8221;stretch_row&#8221; content_placement=&#8221;middle&#8221; row_bg_bottom=&#8221;row_bg_bottom&#8221; overlay_row=&#8221;&#8221; row_up=&#8221;&#8221; css=&#8221;.vc_custom_1746453734550{margin-bottom: 60px !important;padding-top: 115px !important;padding-bottom: 115px !important;background-image: url(https:\/\/dnzyapi.com.tr\/wp-content\/uploads\/2025\/05\/dnz-subheader-banner-iletisim.jpg?id=2364) !important;background-position: center !important;background-repeat: no-repeat !important;background-size: cover !important;}&#8221;][vc_column][vc_column_text css=&#8221;&#8221;] CONTACT US DENIZ YAPI\u00a0 &gt;\u00a0 CONTACT US [\/vc_column_text][\/vc_column][\/vc_row][vc_row][vc_column width=&#8221;1\/2&#8243; css=&#8221;.vc_custom_1497577518005{margin-bottom: 50px !important;}&#8221;][vc_custom_heading text=&#8221;Contact Form&#8221; font_container=&#8221;tag:h4|text_align:left&#8221; use_theme_fonts=&#8221;yes&#8221; css=&#8221;.vc_custom_1741489429870{margin-bottom: 30px !important;}&#8221; cms_ch_type=&#8221;heading&#8221;][\/vc_column][vc_column width=&#8221;1\/2&#8243; css=&#8221;.vc_custom_1496734056620{margin-bottom: 54px !important;}&#8221;][vc_custom_heading text=&#8221;Contact us&#8221; font_container=&#8221;tag:h4|text_align:left&#8221; use_theme_fonts=&#8221;yes&#8221; css=&#8221;.vc_custom_1741489456647{margin-bottom: 30px !important;}&#8221; cms_ch_type=&#8221;heading&#8221;][vc_column_text css=&#8221;.vc_custom_1746448728429{margin-bottom:\" \/>\n<meta property=\"og:url\" content=\"https:\/\/dnzyapi.com.tr\/en\/iletisim\/\" \/>\n<meta property=\"og:site_name\" content=\"DEN\u0130Z YAPI\" \/>\n<meta property=\"article:modified_time\" content=\"2025-05-05T14:04:49+00:00\" \/>\n<meta name=\"twitter:card\" content=\"summary_large_image\" \/>\n<meta name=\"twitter:label1\" content=\"Est. reading time\" \/>\n\t<meta name=\"twitter:data1\" content=\"1 minute\" \/>\n<script type=\"application\/ld+json\" class=\"yoast-schema-graph\">{\"@context\":\"https:\/\/schema.org\",\"@graph\":[{\"@type\":\"WebPage\",\"@id\":\"https:\/\/dnzyapi.com.tr\/en\/iletisim\/\",\"url\":\"https:\/\/dnzyapi.com.tr\/en\/iletisim\/\",\"name\":\"CONTACT US - DEN\u0130Z YAPI\",\"isPartOf\":{\"@id\":\"https:\/\/dnzyapi.com.tr\/en\/#website\"},\"datePublished\":\"2017-06-06T04:07:57+00:00\",\"dateModified\":\"2025-05-05T14:04:49+00:00\",\"breadcrumb\":{\"@id\":\"https:\/\/dnzyapi.com.tr\/en\/iletisim\/#breadcrumb\"},\"inLanguage\":\"en-US\",\"potentialAction\":[{\"@type\":\"ReadAction\",\"target\":[\"https:\/\/dnzyapi.com.tr\/en\/iletisim\/\"]}]},{\"@type\":\"BreadcrumbList\",\"@id\":\"https:\/\/dnzyapi.com.tr\/en\/iletisim\/#breadcrumb\",\"itemListElement\":[{\"@type\":\"ListItem\",\"position\":1,\"name\":\"Anasayfa\",\"item\":\"https:\/\/dnzyapi.com.tr\/en\/\"},{\"@type\":\"ListItem\",\"position\":2,\"name\":\"CONTACT US\"}]},{\"@type\":\"WebSite\",\"@id\":\"https:\/\/dnzyapi.com.tr\/en\/#website\",\"url\":\"https:\/\/dnzyapi.com.tr\/en\/\",\"name\":\"DEN\u0130Z YAPI\",\"description\":\"En b\u00fcy\u00fck imar, g\u00fcven.\",\"potentialAction\":[{\"@type\":\"SearchAction\",\"target\":{\"@type\":\"EntryPoint\",\"urlTemplate\":\"https:\/\/dnzyapi.com.tr\/en\/?s={search_term_string}\"},\"query-input\":{\"@type\":\"PropertyValueSpecification\",\"valueRequired\":true,\"valueName\":\"search_term_string\"}}],\"inLanguage\":\"en-US\"}]}<\/script>\n<!-- \/ Yoast SEO plugin. -->","yoast_head_json":{"title":"CONTACT US - DEN\u0130Z YAPI","robots":{"index":"index","follow":"follow","max-snippet":"max-snippet:-1","max-image-preview":"max-image-preview:large","max-video-preview":"max-video-preview:-1"},"canonical":"https:\/\/dnzyapi.com.tr\/en\/iletisim\/","og_locale":"en_US","og_type":"article","og_title":"CONTACT US - DEN\u0130Z YAPI","og_description":"[vc_row full_width=&#8221;stretch_row&#8221; content_placement=&#8221;middle&#8221; row_bg_bottom=&#8221;row_bg_bottom&#8221; overlay_row=&#8221;&#8221; row_up=&#8221;&#8221; css=&#8221;.vc_custom_1746453734550{margin-bottom: 60px !important;padding-top: 115px !important;padding-bottom: 115px !important;background-image: url(https:\/\/dnzyapi.com.tr\/wp-content\/uploads\/2025\/05\/dnz-subheader-banner-iletisim.jpg?id=2364) !important;background-position: center !important;background-repeat: no-repeat !important;background-size: cover !important;}&#8221;][vc_column][vc_column_text css=&#8221;&#8221;] CONTACT US DENIZ YAPI\u00a0 &gt;\u00a0 CONTACT US [\/vc_column_text][\/vc_column][\/vc_row][vc_row][vc_column width=&#8221;1\/2&#8243; css=&#8221;.vc_custom_1497577518005{margin-bottom: 50px !important;}&#8221;][vc_custom_heading text=&#8221;Contact Form&#8221; font_container=&#8221;tag:h4|text_align:left&#8221; use_theme_fonts=&#8221;yes&#8221; css=&#8221;.vc_custom_1741489429870{margin-bottom: 30px !important;}&#8221; cms_ch_type=&#8221;heading&#8221;][\/vc_column][vc_column width=&#8221;1\/2&#8243; css=&#8221;.vc_custom_1496734056620{margin-bottom: 54px !important;}&#8221;][vc_custom_heading text=&#8221;Contact us&#8221; font_container=&#8221;tag:h4|text_align:left&#8221; use_theme_fonts=&#8221;yes&#8221; css=&#8221;.vc_custom_1741489456647{margin-bottom: 30px !important;}&#8221; cms_ch_type=&#8221;heading&#8221;][vc_column_text css=&#8221;.vc_custom_1746448728429{margin-bottom:","og_url":"https:\/\/dnzyapi.com.tr\/en\/iletisim\/","og_site_name":"DEN\u0130Z YAPI","article_modified_time":"2025-05-05T14:04:49+00:00","twitter_card":"summary_large_image","twitter_misc":{"Est. reading time":"1 minute"},"schema":{"@context":"https:\/\/schema.org","@graph":[{"@type":"WebPage","@id":"https:\/\/dnzyapi.com.tr\/en\/iletisim\/","url":"https:\/\/dnzyapi.com.tr\/en\/iletisim\/","name":"CONTACT US - DEN\u0130Z YAPI","isPartOf":{"@id":"https:\/\/dnzyapi.com.tr\/en\/#website"},"datePublished":"2017-06-06T04:07:57+00:00","dateModified":"2025-05-05T14:04:49+00:00","breadcrumb":{"@id":"https:\/\/dnzyapi.com.tr\/en\/iletisim\/#breadcrumb"},"inLanguage":"en-US","potentialAction":[{"@type":"ReadAction","target":["https:\/\/dnzyapi.com.tr\/en\/iletisim\/"]}]},{"@type":"BreadcrumbList","@id":"https:\/\/dnzyapi.com.tr\/en\/iletisim\/#breadcrumb","itemListElement":[{"@type":"ListItem","position":1,"name":"Anasayfa","item":"https:\/\/dnzyapi.com.tr\/en\/"},{"@type":"ListItem","position":2,"name":"CONTACT US"}]},{"@type":"WebSite","@id":"https:\/\/dnzyapi.com.tr\/en\/#website","url":"https:\/\/dnzyapi.com.tr\/en\/","name":"DEN\u0130Z YAPI","description":"En b\u00fcy\u00fck imar, g\u00fcven.","potentialAction":[{"@type":"SearchAction","target":{"@type":"EntryPoint","urlTemplate":"https:\/\/dnzyapi.com.tr\/en\/?s={search_term_string}"},"query-input":{"@type":"PropertyValueSpecification","valueRequired":true,"valueName":"search_term_string"}}],"inLanguage":"en-US"}]}},"_links":{"self":[{"href":"https:\/\/dnzyapi.com.tr\/en\/wp-json\/wp\/v2\/pages\/2148","targetHints":{"allow":["GET"]}}],"collection":[{"href":"https:\/\/dnzyapi.com.tr\/en\/wp-json\/wp\/v2\/pages"}],"about":[{"href":"https:\/\/dnzyapi.com.tr\/en\/wp-json\/wp\/v2\/types\/page"}],"author":[{"embeddable":true,"href":"https:\/\/dnzyapi.com.tr\/en\/wp-json\/wp\/v2\/users\/1"}],"replies":[{"embeddable":true,"href":"https:\/\/dnzyapi.com.tr\/en\/wp-json\/wp\/v2\/comments?post=2148"}],"version-history":[{"count":5,"href":"https:\/\/dnzyapi.com.tr\/en\/wp-json\/wp\/v2\/pages\/2148\/revisions"}],"predecessor-version":[{"id":2369,"href":"https:\/\/dnzyapi.com.tr\/en\/wp-json\/wp\/v2\/pages\/2148\/revisions\/2369"}],"wp:attachment":[{"href":"https:\/\/dnzyapi.com.tr\/en\/wp-json\/wp\/v2\/media?parent=2148"}],"curies":[{"name":"wp","href":"https:\/\/api.w.org\/{rel}","templated":true}]}}