{"id":2218,"date":"2017-06-06T10:20:38","date_gmt":"2017-06-06T07:20:38","guid":{"rendered":"https:\/\/dnzyapi.com.tr\/projeler\/"},"modified":"2025-05-05T17:06:19","modified_gmt":"2025-05-05T14:06:19","slug":"projeler","status":"publish","type":"page","link":"https:\/\/dnzyapi.com.tr\/en\/projeler\/","title":{"rendered":"PROJECTS"},"content":{"rendered":"<div class=\"wpb-content-wrapper\"><p>[vc_row full_width=&#8221;stretch_row&#8221; content_placement=&#8221;middle&#8221; row_bg_bottom=&#8221;row_bg_bottom&#8221; overlay_row=&#8221;&#8221; row_up=&#8221;&#8221; css=&#8221;.vc_custom_1746452944871{margin-bottom: 35px !important;padding-top: 115px !important;padding-bottom: 115px !important;background-image: url(https:\/\/dnzyapi.com.tr\/wp-content\/uploads\/2025\/05\/dnz-subheader-banner-projeler.jpg?id=2325) !important;background-position: center !important;background-repeat: no-repeat !important;background-size: cover !important;}&#8221;][vc_column][vc_column_text css=&#8221;&#8221;]<\/p>\n<h3 style=\"text-align: left; font-size: 20px; font-weight: 600;\"><span style=\"color: #ffffff;\">PROJECTS<\/span><\/h3>\n<p style=\"text-align: left;\"><span style=\"color: #ffffff;\"><span style=\"color: #999999;\"><a style=\"color: #999999;\" href=\"https:\/\/dnzyapi.com.tr\/\">DENIZ YAPI<\/a>\u00a0 &gt;\u00a0 PROJECTS<\/span><br \/>\n<\/span><\/p>\n<p>[\/vc_column_text][\/vc_column][\/vc_row][vc_row][vc_column css=&#8221;.vc_custom_1497583770904{padding-top: 60px !important;}&#8221;][cms_grid layout=&#8221;masonry&#8221; col_xs=&#8221;1&#8243; col_sm=&#8221;2&#8243; col_md=&#8221;3&#8243; col_lg=&#8221;3&#8243; grid_projects_style=&#8221;project1&#8243; project_no_space=&#8221;&#8221; checkbox_grid_nav=&#8221;true&#8221; source=&#8221;size:30|order_by:date|post_type:projects&#8221; cms_template=&#8221;cms_grid&#8211;projects.php&#8221;][\/vc_column][\/vc_row]<\/p>\n<\/div>","protected":false},"excerpt":{"rendered":"<p>[vc_row full_width=&#8221;stretch_row&#8221; content_placement=&#8221;middle&#8221; row_bg_bottom=&#8221;row_bg_bottom&#8221; overlay_row=&#8221;&#8221; row_up=&#8221;&#8221; css=&#8221;.vc_custom_1746452944871{margin-bottom: 35px !important;padding-top: 115px !important;padding-bottom: 115px !important;background-image: url(https:\/\/dnzyapi.com.tr\/wp-content\/uploads\/2025\/05\/dnz-subheader-banner-projeler.jpg?id=2325) !important;background-position: center !important;background-repeat: no-repeat !important;background-size: cover !important;}&#8221;][vc_column][vc_column_text css=&#8221;&#8221;] PROJECTS DENIZ YAPI\u00a0 &gt;\u00a0 PROJECTS [\/vc_column_text][\/vc_column][\/vc_row][vc_row][vc_column css=&#8221;.vc_custom_1497583770904{padding-top: 60px !important;}&#8221;][cms_grid layout=&#8221;masonry&#8221; col_xs=&#8221;1&#8243; col_sm=&#8221;2&#8243; col_md=&#8221;3&#8243; col_lg=&#8221;3&#8243; grid_projects_style=&#8221;project1&#8243; project_no_space=&#8221;&#8221; checkbox_grid_nav=&#8221;true&#8221; source=&#8221;size:30|order_by:date|post_type:projects&#8221; cms_template=&#8221;cms_grid&#8211;projects.php&#8221;][\/vc_column][\/vc_row]<\/p>\n","protected":false},"author":1,"featured_media":0,"parent":0,"menu_order":0,"comment_status":"closed","ping_status":"closed","template":"","meta":{"footnotes":""},"class_list":["post-2218","page","type-page","status-publish","hentry"],"yoast_head":"<!-- This site is optimized with the Yoast SEO plugin v27.0 - https:\/\/yoast.com\/product\/yoast-seo-wordpress\/ -->\n<title>PROJECTS - DEN\u0130Z YAPI<\/title>\n<meta name=\"robots\" content=\"index, follow, max-snippet:-1, max-image-preview:large, max-video-preview:-1\" \/>\n<link rel=\"canonical\" href=\"https:\/\/dnzyapi.com.tr\/en\/projeler\/\" \/>\n<meta property=\"og:locale\" content=\"en_US\" \/>\n<meta property=\"og:type\" content=\"article\" \/>\n<meta property=\"og:title\" content=\"PROJECTS - DEN\u0130Z YAPI\" \/>\n<meta property=\"og:description\" content=\"[vc_row full_width=&#8221;stretch_row&#8221; content_placement=&#8221;middle&#8221; row_bg_bottom=&#8221;row_bg_bottom&#8221; overlay_row=&#8221;&#8221; row_up=&#8221;&#8221; css=&#8221;.vc_custom_1746452944871{margin-bottom: 35px !important;padding-top: 115px !important;padding-bottom: 115px !important;background-image: url(https:\/\/dnzyapi.com.tr\/wp-content\/uploads\/2025\/05\/dnz-subheader-banner-projeler.jpg?id=2325) !important;background-position: center !important;background-repeat: no-repeat !important;background-size: cover !important;}&#8221;][vc_column][vc_column_text css=&#8221;&#8221;] PROJECTS DENIZ YAPI\u00a0 &gt;\u00a0 PROJECTS [\/vc_column_text][\/vc_column][\/vc_row][vc_row][vc_column css=&#8221;.vc_custom_1497583770904{padding-top: 60px !important;}&#8221;][cms_grid layout=&#8221;masonry&#8221; col_xs=&#8221;1&#8243; col_sm=&#8221;2&#8243; col_md=&#8221;3&#8243; col_lg=&#8221;3&#8243; grid_projects_style=&#8221;project1&#8243; project_no_space=&#8221;&#8221; checkbox_grid_nav=&#8221;true&#8221; source=&#8221;size:30|order_by:date|post_type:projects&#8221; cms_template=&#8221;cms_grid&#8211;projects.php&#8221;][\/vc_column][\/vc_row]\" \/>\n<meta property=\"og:url\" content=\"https:\/\/dnzyapi.com.tr\/en\/projeler\/\" \/>\n<meta property=\"og:site_name\" content=\"DEN\u0130Z YAPI\" \/>\n<meta property=\"article:modified_time\" content=\"2025-05-05T14:06:19+00:00\" \/>\n<meta name=\"twitter:card\" content=\"summary_large_image\" \/>\n<meta name=\"twitter:label1\" content=\"Est. reading time\" \/>\n\t<meta name=\"twitter:data1\" content=\"1 minute\" \/>\n<script type=\"application\/ld+json\" class=\"yoast-schema-graph\">{\"@context\":\"https:\/\/schema.org\",\"@graph\":[{\"@type\":\"WebPage\",\"@id\":\"https:\/\/dnzyapi.com.tr\/en\/projeler\/\",\"url\":\"https:\/\/dnzyapi.com.tr\/en\/projeler\/\",\"name\":\"PROJECTS - DEN\u0130Z YAPI\",\"isPartOf\":{\"@id\":\"https:\/\/dnzyapi.com.tr\/en\/#website\"},\"datePublished\":\"2017-06-06T07:20:38+00:00\",\"dateModified\":\"2025-05-05T14:06:19+00:00\",\"breadcrumb\":{\"@id\":\"https:\/\/dnzyapi.com.tr\/en\/projeler\/#breadcrumb\"},\"inLanguage\":\"en-US\",\"potentialAction\":[{\"@type\":\"ReadAction\",\"target\":[\"https:\/\/dnzyapi.com.tr\/en\/projeler\/\"]}]},{\"@type\":\"BreadcrumbList\",\"@id\":\"https:\/\/dnzyapi.com.tr\/en\/projeler\/#breadcrumb\",\"itemListElement\":[{\"@type\":\"ListItem\",\"position\":1,\"name\":\"Anasayfa\",\"item\":\"https:\/\/dnzyapi.com.tr\/en\/\"},{\"@type\":\"ListItem\",\"position\":2,\"name\":\"PROJECTS\"}]},{\"@type\":\"WebSite\",\"@id\":\"https:\/\/dnzyapi.com.tr\/en\/#website\",\"url\":\"https:\/\/dnzyapi.com.tr\/en\/\",\"name\":\"DEN\u0130Z YAPI\",\"description\":\"En b\u00fcy\u00fck imar, g\u00fcven.\",\"potentialAction\":[{\"@type\":\"SearchAction\",\"target\":{\"@type\":\"EntryPoint\",\"urlTemplate\":\"https:\/\/dnzyapi.com.tr\/en\/?s={search_term_string}\"},\"query-input\":{\"@type\":\"PropertyValueSpecification\",\"valueRequired\":true,\"valueName\":\"search_term_string\"}}],\"inLanguage\":\"en-US\"}]}<\/script>\n<!-- \/ Yoast SEO plugin. -->","yoast_head_json":{"title":"PROJECTS - DEN\u0130Z YAPI","robots":{"index":"index","follow":"follow","max-snippet":"max-snippet:-1","max-image-preview":"max-image-preview:large","max-video-preview":"max-video-preview:-1"},"canonical":"https:\/\/dnzyapi.com.tr\/en\/projeler\/","og_locale":"en_US","og_type":"article","og_title":"PROJECTS - DEN\u0130Z YAPI","og_description":"[vc_row full_width=&#8221;stretch_row&#8221; content_placement=&#8221;middle&#8221; row_bg_bottom=&#8221;row_bg_bottom&#8221; overlay_row=&#8221;&#8221; row_up=&#8221;&#8221; css=&#8221;.vc_custom_1746452944871{margin-bottom: 35px !important;padding-top: 115px !important;padding-bottom: 115px !important;background-image: url(https:\/\/dnzyapi.com.tr\/wp-content\/uploads\/2025\/05\/dnz-subheader-banner-projeler.jpg?id=2325) !important;background-position: center !important;background-repeat: no-repeat !important;background-size: cover !important;}&#8221;][vc_column][vc_column_text css=&#8221;&#8221;] PROJECTS DENIZ YAPI\u00a0 &gt;\u00a0 PROJECTS [\/vc_column_text][\/vc_column][\/vc_row][vc_row][vc_column css=&#8221;.vc_custom_1497583770904{padding-top: 60px !important;}&#8221;][cms_grid layout=&#8221;masonry&#8221; col_xs=&#8221;1&#8243; col_sm=&#8221;2&#8243; col_md=&#8221;3&#8243; col_lg=&#8221;3&#8243; grid_projects_style=&#8221;project1&#8243; project_no_space=&#8221;&#8221; checkbox_grid_nav=&#8221;true&#8221; source=&#8221;size:30|order_by:date|post_type:projects&#8221; cms_template=&#8221;cms_grid&#8211;projects.php&#8221;][\/vc_column][\/vc_row]","og_url":"https:\/\/dnzyapi.com.tr\/en\/projeler\/","og_site_name":"DEN\u0130Z YAPI","article_modified_time":"2025-05-05T14:06:19+00:00","twitter_card":"summary_large_image","twitter_misc":{"Est. reading time":"1 minute"},"schema":{"@context":"https:\/\/schema.org","@graph":[{"@type":"WebPage","@id":"https:\/\/dnzyapi.com.tr\/en\/projeler\/","url":"https:\/\/dnzyapi.com.tr\/en\/projeler\/","name":"PROJECTS - DEN\u0130Z YAPI","isPartOf":{"@id":"https:\/\/dnzyapi.com.tr\/en\/#website"},"datePublished":"2017-06-06T07:20:38+00:00","dateModified":"2025-05-05T14:06:19+00:00","breadcrumb":{"@id":"https:\/\/dnzyapi.com.tr\/en\/projeler\/#breadcrumb"},"inLanguage":"en-US","potentialAction":[{"@type":"ReadAction","target":["https:\/\/dnzyapi.com.tr\/en\/projeler\/"]}]},{"@type":"BreadcrumbList","@id":"https:\/\/dnzyapi.com.tr\/en\/projeler\/#breadcrumb","itemListElement":[{"@type":"ListItem","position":1,"name":"Anasayfa","item":"https:\/\/dnzyapi.com.tr\/en\/"},{"@type":"ListItem","position":2,"name":"PROJECTS"}]},{"@type":"WebSite","@id":"https:\/\/dnzyapi.com.tr\/en\/#website","url":"https:\/\/dnzyapi.com.tr\/en\/","name":"DEN\u0130Z YAPI","description":"En b\u00fcy\u00fck imar, g\u00fcven.","potentialAction":[{"@type":"SearchAction","target":{"@type":"EntryPoint","urlTemplate":"https:\/\/dnzyapi.com.tr\/en\/?s={search_term_string}"},"query-input":{"@type":"PropertyValueSpecification","valueRequired":true,"valueName":"search_term_string"}}],"inLanguage":"en-US"}]}},"_links":{"self":[{"href":"https:\/\/dnzyapi.com.tr\/en\/wp-json\/wp\/v2\/pages\/2218","targetHints":{"allow":["GET"]}}],"collection":[{"href":"https:\/\/dnzyapi.com.tr\/en\/wp-json\/wp\/v2\/pages"}],"about":[{"href":"https:\/\/dnzyapi.com.tr\/en\/wp-json\/wp\/v2\/types\/page"}],"author":[{"embeddable":true,"href":"https:\/\/dnzyapi.com.tr\/en\/wp-json\/wp\/v2\/users\/1"}],"replies":[{"embeddable":true,"href":"https:\/\/dnzyapi.com.tr\/en\/wp-json\/wp\/v2\/comments?post=2218"}],"version-history":[{"count":3,"href":"https:\/\/dnzyapi.com.tr\/en\/wp-json\/wp\/v2\/pages\/2218\/revisions"}],"predecessor-version":[{"id":2370,"href":"https:\/\/dnzyapi.com.tr\/en\/wp-json\/wp\/v2\/pages\/2218\/revisions\/2370"}],"wp:attachment":[{"href":"https:\/\/dnzyapi.com.tr\/en\/wp-json\/wp\/v2\/media?parent=2218"}],"curies":[{"name":"wp","href":"https:\/\/api.w.org\/{rel}","templated":true}]}}